{"id":6,"date":"2022-08-09T22:13:38","date_gmt":"2022-08-09T22:13:38","guid":{"rendered":"https:\/\/www.sofma.com.mx\/?page_id=6"},"modified":"2022-11-17T15:48:04","modified_gmt":"2022-11-17T21:48:04","slug":"nosotros","status":"publish","type":"page","link":"https:\/\/www.sofma.com.mx\/en\/nosotros\/","title":{"rendered":"US"},"content":{"rendered":"<div data-elementor-type=\"wp-post\" data-elementor-id=\"6\" class=\"elementor elementor-6\" data-elementor-post-type=\"page\">\n\t\t\t\t\t\t<section class=\"elementor-section elementor-top-section elementor-element elementor-element-6b3991c elementor-section-boxed elementor-section-height-default elementor-section-height-default\" data-id=\"6b3991c\" data-element_type=\"section\" data-e-type=\"section\">\n\t\t\t\t\t\t<div class=\"elementor-container elementor-column-gap-default\">\n\t\t\t\t\t<div class=\"elementor-column elementor-col-50 elementor-top-column elementor-element elementor-element-9002d95\" data-id=\"9002d95\" data-element_type=\"column\" data-e-type=\"column\" data-settings=\"{&quot;background_background&quot;:&quot;classic&quot;}\">\n\t\t\t<div class=\"elementor-widget-wrap elementor-element-populated\">\n\t\t\t\t\t\t<div class=\"elementor-element elementor-element-8065f4f elementor-widget elementor-widget-image\" data-id=\"8065f4f\" data-element_type=\"widget\" data-e-type=\"widget\" data-widget_type=\"image.default\">\n\t\t\t\t<div class=\"elementor-widget-container\">\n\t\t\t\t\t\t\t\t\t\t\t\t\t\t\t<img decoding=\"async\" width=\"60\" height=\"60\" src=\"https:\/\/www.sofma.com.mx\/wp-content\/uploads\/2022\/08\/mision.png\" class=\"attachment-full size-full wp-image-174\" alt=\"\" \/>\t\t\t\t\t\t\t\t\t\t\t\t\t\t\t<\/div>\n\t\t\t\t<\/div>\n\t\t\t\t<div class=\"elementor-element elementor-element-ffff0fd elementor-widget elementor-widget-icon-box\" data-id=\"ffff0fd\" data-element_type=\"widget\" data-e-type=\"widget\" data-widget_type=\"icon-box.default\">\n\t\t\t\t<div class=\"elementor-widget-container\">\n\t\t\t\t\t\t\t<div class=\"elementor-icon-box-wrapper\">\n\n\t\t\t\n\t\t\t\t\t\t<div class=\"elementor-icon-box-content\">\n\n\t\t\t\t\t\t\t\t\t<h3 class=\"elementor-icon-box-title\">\n\t\t\t\t\t\t<span  >\n\t\t\t\t\t\t\tMISSION \t\t\t\t\t\t<\/span>\n\t\t\t\t\t<\/h3>\n\t\t\t\t\n\t\t\t\t\t\t\t\t\t<p class=\"elementor-icon-box-description\">\n\t\t\t\t\t\tZoom in to the mexican market those products and services that are creative, innovative and based on scientific research, and to improve the quality of life of the families generating a beneficial impact on your health, your life and the lives of their community. We seek to be agents of positive transformation of our society through our work.\t\t\t\t\t<\/p>\n\t\t\t\t\n\t\t\t<\/div>\n\t\t\t\n\t\t<\/div>\n\t\t\t\t\t\t<\/div>\n\t\t\t\t<\/div>\n\t\t\t\t\t<\/div>\n\t\t<\/div>\n\t\t\t\t<div class=\"elementor-column elementor-col-50 elementor-top-column elementor-element elementor-element-56a1385\" data-id=\"56a1385\" data-element_type=\"column\" data-e-type=\"column\" data-settings=\"{&quot;background_background&quot;:&quot;classic&quot;}\">\n\t\t\t<div class=\"elementor-widget-wrap elementor-element-populated\">\n\t\t\t\t\t\t<div class=\"elementor-element elementor-element-3b41df2 elementor-widget elementor-widget-image\" data-id=\"3b41df2\" data-element_type=\"widget\" data-e-type=\"widget\" data-widget_type=\"image.default\">\n\t\t\t\t<div class=\"elementor-widget-container\">\n\t\t\t\t\t\t\t\t\t\t\t\t\t\t\t<img decoding=\"async\" width=\"60\" height=\"60\" src=\"https:\/\/www.sofma.com.mx\/wp-content\/uploads\/2022\/08\/vision.png\" class=\"attachment-full size-full wp-image-176\" alt=\"\" \/>\t\t\t\t\t\t\t\t\t\t\t\t\t\t\t<\/div>\n\t\t\t\t<\/div>\n\t\t\t\t<div class=\"elementor-element elementor-element-089e08c elementor-widget elementor-widget-icon-box\" data-id=\"089e08c\" data-element_type=\"widget\" data-e-type=\"widget\" data-widget_type=\"icon-box.default\">\n\t\t\t\t<div class=\"elementor-widget-container\">\n\t\t\t\t\t\t\t<div class=\"elementor-icon-box-wrapper\">\n\n\t\t\t\n\t\t\t\t\t\t<div class=\"elementor-icon-box-content\">\n\n\t\t\t\t\t\t\t\t\t<h3 class=\"elementor-icon-box-title\">\n\t\t\t\t\t\t<span  >\n\t\t\t\t\t\t\tVISION \t\t\t\t\t\t<\/span>\n\t\t\t\t\t<\/h3>\n\t\t\t\t\n\t\t\t\t\t\t\t\t\t<p class=\"elementor-icon-box-description\">\n\t\t\t\t\t\tInternational leader in the management of brands and services that are created and developed in a comprehensive manner while keeping the common good as its central objective. More than a distributor of large-scale, we are creators of a culture of the product and its practices, generating a positive impact transcendent for the sake of our consumers and partners.\t\t\t\t\t<\/p>\n\t\t\t\t\n\t\t\t<\/div>\n\t\t\t\n\t\t<\/div>\n\t\t\t\t\t\t<\/div>\n\t\t\t\t<\/div>\n\t\t\t\t\t<\/div>\n\t\t<\/div>\n\t\t\t\t\t<\/div>\n\t\t<\/section>\n\t\t\t\t<\/div>","protected":false},"excerpt":{"rendered":"<p>mISI\u00d3N Acercar al mercado mexicano aquellos productos y servicios que sean creativos, innovadores y basados en investigaci\u00f3n cient\u00edfica, y que mejoren la calidad de vida de las familias generando un impacto ben\u00e9fico en su salud, su vida y la de su comunidad. Buscamos ser agentes de una transformaci\u00f3n positiva de nuestra sociedad por medio de [&hellip;]<\/p>","protected":false},"author":1,"featured_media":0,"parent":0,"menu_order":0,"comment_status":"closed","ping_status":"closed","template":"","meta":{"_monsterinsights_skip_tracking":false,"_monsterinsights_sitenote_active":false,"_monsterinsights_sitenote_note":"","_monsterinsights_sitenote_category":0,"_uf_show_specific_survey":0,"_uf_disable_surveys":false,"footnotes":""},"class_list":["post-6","page","type-page","status-publish","hentry"],"yoast_head":"<!-- This site is optimized with the Yoast SEO plugin v20.12 - https:\/\/yoast.com\/wordpress\/plugins\/seo\/ -->\n<title>Nosotros - SOFMA: Productos de lactancia y salud materna<\/title>\n<meta name=\"description\" content=\"Empresa l\u00edder en M\u00e9xico en productos de lactancia materna, salud y bienestar materno-infantil, tecnolog\u00eda y capacitaci\u00f3n.\" \/>\n<meta name=\"robots\" content=\"index, follow, max-snippet:-1, max-image-preview:large, max-video-preview:-1\" \/>\n<link rel=\"canonical\" href=\"https:\/\/www.sofma.com.mx\/en\/nosotros\/\" \/>\n<meta property=\"og:locale\" content=\"en_US\" \/>\n<meta property=\"og:type\" content=\"article\" \/>\n<meta property=\"og:title\" content=\"Nosotros - SOFMA: Productos de lactancia y salud materna\" \/>\n<meta property=\"og:description\" content=\"Empresa l\u00edder en M\u00e9xico en productos de lactancia materna, salud y bienestar materno-infantil, tecnolog\u00eda y capacitaci\u00f3n.\" \/>\n<meta property=\"og:url\" content=\"https:\/\/www.sofma.com.mx\/en\/nosotros\/\" \/>\n<meta property=\"og:site_name\" content=\"SOFMA\" \/>\n<meta property=\"article:modified_time\" content=\"2022-11-17T21:48:04+00:00\" \/>\n<meta property=\"og:image\" content=\"https:\/\/www.sofma.com.mx\/wp-content\/uploads\/2022\/09\/logotipo-redes.jpg\" \/>\n\t<meta property=\"og:image:width\" content=\"200\" \/>\n\t<meta property=\"og:image:height\" content=\"200\" \/>\n\t<meta property=\"og:image:type\" content=\"image\/jpeg\" \/>\n<meta name=\"twitter:card\" content=\"summary_large_image\" \/>\n<meta name=\"twitter:image\" content=\"https:\/\/www.sofma.com.mx\/wp-content\/uploads\/2022\/09\/logotipo-redes.jpg\" \/>\n<meta name=\"twitter:label1\" content=\"Est. reading time\" \/>\n\t<meta name=\"twitter:data1\" content=\"1 minute\" \/>\n<script type=\"application\/ld+json\" class=\"yoast-schema-graph\">{\"@context\":\"https:\/\/schema.org\",\"@graph\":[{\"@type\":\"WebPage\",\"@id\":\"https:\/\/www.sofma.com.mx\/nosotros\/\",\"url\":\"https:\/\/www.sofma.com.mx\/nosotros\/\",\"name\":\"Nosotros - SOFMA: Productos de lactancia y salud materna\",\"isPartOf\":{\"@id\":\"https:\/\/www.sofma.com.mx\/#website\"},\"datePublished\":\"2022-08-09T22:13:38+00:00\",\"dateModified\":\"2022-11-17T21:48:04+00:00\",\"description\":\"Empresa l\u00edder en M\u00e9xico en productos de lactancia materna, salud y bienestar materno-infantil, tecnolog\u00eda y capacitaci\u00f3n.\",\"breadcrumb\":{\"@id\":\"https:\/\/www.sofma.com.mx\/nosotros\/#breadcrumb\"},\"inLanguage\":\"en-US\",\"potentialAction\":[{\"@type\":\"ReadAction\",\"target\":[\"https:\/\/www.sofma.com.mx\/nosotros\/\"]}]},{\"@type\":\"BreadcrumbList\",\"@id\":\"https:\/\/www.sofma.com.mx\/nosotros\/#breadcrumb\",\"itemListElement\":[{\"@type\":\"ListItem\",\"position\":1,\"name\":\"Home\",\"item\":\"https:\/\/www.sofma.com.mx\/\"},{\"@type\":\"ListItem\",\"position\":2,\"name\":\"NOSOTROS\"}]},{\"@type\":\"WebSite\",\"@id\":\"https:\/\/www.sofma.com.mx\/#website\",\"url\":\"https:\/\/www.sofma.com.mx\/\",\"name\":\"SOFMA\",\"description\":\"Buscamos marcas premium que sean \u00fanicas, a\u00f1adan valor, tengan una cultura basada en la conciencia social y el bienestar de la comunidad, y que se enfoquen en la salud materno-infantil usando tecnolog\u00eda innovadora basada en investigaci\u00f3n.\",\"publisher\":{\"@id\":\"https:\/\/www.sofma.com.mx\/#organization\"},\"potentialAction\":[{\"@type\":\"SearchAction\",\"target\":{\"@type\":\"EntryPoint\",\"urlTemplate\":\"https:\/\/www.sofma.com.mx\/?s={search_term_string}\"},\"query-input\":\"required name=search_term_string\"}],\"inLanguage\":\"en-US\"},{\"@type\":\"Organization\",\"@id\":\"https:\/\/www.sofma.com.mx\/#organization\",\"name\":\"SOFMA\",\"url\":\"https:\/\/www.sofma.com.mx\/\",\"logo\":{\"@type\":\"ImageObject\",\"inLanguage\":\"en-US\",\"@id\":\"https:\/\/www.sofma.com.mx\/#\/schema\/logo\/image\/\",\"url\":\"https:\/\/www.sofma.com.mx\/wp-content\/uploads\/2022\/07\/Logo-Sofma-Institucional-1-min.png\",\"contentUrl\":\"https:\/\/www.sofma.com.mx\/wp-content\/uploads\/2022\/07\/Logo-Sofma-Institucional-1-min.png\",\"width\":1990,\"height\":453,\"caption\":\"SOFMA\"},\"image\":{\"@id\":\"https:\/\/www.sofma.com.mx\/#\/schema\/logo\/image\/\"}}]}<\/script>\n<!-- \/ Yoast SEO plugin. -->","yoast_head_json":{"title":"Nosotros - SOFMA: Productos de lactancia y salud materna","description":"Empresa l\u00edder en M\u00e9xico en productos de lactancia materna, salud y bienestar materno-infantil, tecnolog\u00eda y capacitaci\u00f3n.","robots":{"index":"index","follow":"follow","max-snippet":"max-snippet:-1","max-image-preview":"max-image-preview:large","max-video-preview":"max-video-preview:-1"},"canonical":"https:\/\/www.sofma.com.mx\/en\/nosotros\/","og_locale":"en_US","og_type":"article","og_title":"Nosotros - SOFMA: Productos de lactancia y salud materna","og_description":"Empresa l\u00edder en M\u00e9xico en productos de lactancia materna, salud y bienestar materno-infantil, tecnolog\u00eda y capacitaci\u00f3n.","og_url":"https:\/\/www.sofma.com.mx\/en\/nosotros\/","og_site_name":"SOFMA","article_modified_time":"2022-11-17T21:48:04+00:00","og_image":[{"width":200,"height":200,"url":"https:\/\/www.sofma.com.mx\/wp-content\/uploads\/2022\/09\/logotipo-redes.jpg","type":"image\/jpeg"}],"twitter_card":"summary_large_image","twitter_image":"https:\/\/www.sofma.com.mx\/wp-content\/uploads\/2022\/09\/logotipo-redes.jpg","twitter_misc":{"Est. reading time":"1 minute"},"schema":{"@context":"https:\/\/schema.org","@graph":[{"@type":"WebPage","@id":"https:\/\/www.sofma.com.mx\/nosotros\/","url":"https:\/\/www.sofma.com.mx\/nosotros\/","name":"Nosotros - SOFMA: Productos de lactancia y salud materna","isPartOf":{"@id":"https:\/\/www.sofma.com.mx\/#website"},"datePublished":"2022-08-09T22:13:38+00:00","dateModified":"2022-11-17T21:48:04+00:00","description":"Empresa l\u00edder en M\u00e9xico en productos de lactancia materna, salud y bienestar materno-infantil, tecnolog\u00eda y capacitaci\u00f3n.","breadcrumb":{"@id":"https:\/\/www.sofma.com.mx\/nosotros\/#breadcrumb"},"inLanguage":"en-US","potentialAction":[{"@type":"ReadAction","target":["https:\/\/www.sofma.com.mx\/nosotros\/"]}]},{"@type":"BreadcrumbList","@id":"https:\/\/www.sofma.com.mx\/nosotros\/#breadcrumb","itemListElement":[{"@type":"ListItem","position":1,"name":"Home","item":"https:\/\/www.sofma.com.mx\/"},{"@type":"ListItem","position":2,"name":"NOSOTROS"}]},{"@type":"WebSite","@id":"https:\/\/www.sofma.com.mx\/#website","url":"https:\/\/www.sofma.com.mx\/","name":"SOFMA","description":"Buscamos marcas premium que sean \u00fanicas, a\u00f1adan valor, tengan una cultura basada en la conciencia social y el bienestar de la comunidad, y que se enfoquen en la salud materno-infantil usando tecnolog\u00eda innovadora basada en investigaci\u00f3n.","publisher":{"@id":"https:\/\/www.sofma.com.mx\/#organization"},"potentialAction":[{"@type":"SearchAction","target":{"@type":"EntryPoint","urlTemplate":"https:\/\/www.sofma.com.mx\/?s={search_term_string}"},"query-input":"required name=search_term_string"}],"inLanguage":"en-US"},{"@type":"Organization","@id":"https:\/\/www.sofma.com.mx\/#organization","name":"SOFMA","url":"https:\/\/www.sofma.com.mx\/","logo":{"@type":"ImageObject","inLanguage":"en-US","@id":"https:\/\/www.sofma.com.mx\/#\/schema\/logo\/image\/","url":"https:\/\/www.sofma.com.mx\/wp-content\/uploads\/2022\/07\/Logo-Sofma-Institucional-1-min.png","contentUrl":"https:\/\/www.sofma.com.mx\/wp-content\/uploads\/2022\/07\/Logo-Sofma-Institucional-1-min.png","width":1990,"height":453,"caption":"SOFMA"},"image":{"@id":"https:\/\/www.sofma.com.mx\/#\/schema\/logo\/image\/"}}]}},"_links":{"self":[{"href":"https:\/\/www.sofma.com.mx\/en\/wp-json\/wp\/v2\/pages\/6","targetHints":{"allow":["GET"]}}],"collection":[{"href":"https:\/\/www.sofma.com.mx\/en\/wp-json\/wp\/v2\/pages"}],"about":[{"href":"https:\/\/www.sofma.com.mx\/en\/wp-json\/wp\/v2\/types\/page"}],"author":[{"embeddable":true,"href":"https:\/\/www.sofma.com.mx\/en\/wp-json\/wp\/v2\/users\/1"}],"replies":[{"embeddable":true,"href":"https:\/\/www.sofma.com.mx\/en\/wp-json\/wp\/v2\/comments?post=6"}],"version-history":[{"count":24,"href":"https:\/\/www.sofma.com.mx\/en\/wp-json\/wp\/v2\/pages\/6\/revisions"}],"predecessor-version":[{"id":703,"href":"https:\/\/www.sofma.com.mx\/en\/wp-json\/wp\/v2\/pages\/6\/revisions\/703"}],"wp:attachment":[{"href":"https:\/\/www.sofma.com.mx\/en\/wp-json\/wp\/v2\/media?parent=6"}],"curies":[{"name":"wp","href":"https:\/\/api.w.org\/{rel}","templated":true}]}}