{"id":244,"date":"2022-08-11T01:37:22","date_gmt":"2022-08-11T01:37:22","guid":{"rendered":"https:\/\/www.sofma.com.mx\/?page_id=244"},"modified":"2022-11-24T14:15:57","modified_gmt":"2022-11-24T20:15:57","slug":"marcas","status":"publish","type":"page","link":"https:\/\/www.sofma.com.mx\/en\/marcas\/","title":{"rendered":"BRANDS"},"content":{"rendered":"<div data-elementor-type=\"wp-post\" data-elementor-id=\"244\" class=\"elementor elementor-244\" data-elementor-post-type=\"page\">\n\t\t\t\t\t\t<section class=\"elementor-section elementor-top-section elementor-element elementor-element-f76d2a elementor-section-full_width elementor-section-content-space-between elementor-section-height-default elementor-section-height-default\" data-id=\"f76d2a\" data-element_type=\"section\" data-e-type=\"section\" data-settings=\"{&quot;background_background&quot;:&quot;slideshow&quot;,&quot;background_slideshow_gallery&quot;:[],&quot;background_slideshow_loop&quot;:&quot;yes&quot;,&quot;background_slideshow_slide_duration&quot;:5000,&quot;background_slideshow_slide_transition&quot;:&quot;fade&quot;,&quot;background_slideshow_transition_duration&quot;:500}\">\n\t\t\t\t\t\t<div class=\"elementor-container elementor-column-gap-custom\">\n\t\t\t\t\t<div class=\"elementor-column elementor-col-100 elementor-top-column elementor-element elementor-element-6750b965\" data-id=\"6750b965\" data-element_type=\"column\" data-e-type=\"column\">\n\t\t\t<div class=\"elementor-widget-wrap elementor-element-populated\">\n\t\t\t\t\t\t<div class=\"elementor-element elementor-element-302668a elementor-position-left elementor-vertical-align-middle elementor-widget elementor-widget-image-box\" data-id=\"302668a\" data-element_type=\"widget\" data-e-type=\"widget\" data-widget_type=\"image-box.default\">\n\t\t\t\t<div class=\"elementor-widget-container\">\n\t\t\t\t\t<div class=\"elementor-image-box-wrapper\"><figure class=\"elementor-image-box-img\"><img decoding=\"async\" width=\"60\" height=\"60\" src=\"https:\/\/www.sofma.com.mx\/wp-content\/uploads\/2022\/08\/valores.png\" class=\"attachment-full size-full wp-image-175\" alt=\"\" \/><\/figure><div class=\"elementor-image-box-content\"><h1 class=\"elementor-image-box-title\">WE are DISTRIBUTORS only<\/h1><\/div><\/div>\t\t\t\t<\/div>\n\t\t\t\t<\/div>\n\t\t\t\t\t<\/div>\n\t\t<\/div>\n\t\t\t\t\t<\/div>\n\t\t<\/section>\n\t\t\t\t<section class=\"elementor-section elementor-top-section elementor-element elementor-element-5340bb2 elementor-section-boxed elementor-section-height-default elementor-section-height-default\" data-id=\"5340bb2\" data-element_type=\"section\" data-e-type=\"section\">\n\t\t\t\t\t\t<div class=\"elementor-container elementor-column-gap-default\">\n\t\t\t\t\t<div class=\"elementor-column elementor-col-100 elementor-top-column elementor-element elementor-element-fcdcad1\" data-id=\"fcdcad1\" data-element_type=\"column\" data-e-type=\"column\">\n\t\t\t<div class=\"elementor-widget-wrap elementor-element-populated\">\n\t\t\t\t\t\t<div class=\"elementor-element elementor-element-b509e16 elementor-widget elementor-widget-premium-carousel-widget\" data-id=\"b509e16\" data-element_type=\"widget\" data-e-type=\"widget\" data-widget_type=\"premium-carousel-widget.default\">\n\t\t\t\t<div class=\"elementor-widget-container\">\n\t\t\t\t\t\r\n\t\t<div id=\"premium-carousel-wrapper-b509e16\" class=\"premium-carousel-wrapper premium-carousel-hidden carousel-wrapper-b509e16   premium-carousel-dots-below\" data-settings=\"{&quot;vertical&quot;:false,&quot;slidesToScroll&quot;:1,&quot;slidesToShow&quot;:1,&quot;infinite&quot;:true,&quot;speed&quot;:300,&quot;fade&quot;:true,&quot;autoplay&quot;:true,&quot;autoplaySpeed&quot;:5000,&quot;draggable&quot;:true,&quot;touchMove&quot;:true,&quot;rtl&quot;:false,&quot;adaptiveHeight&quot;:false,&quot;variableWidth&quot;:false,&quot;cssEase&quot;:&quot;ease&quot;,&quot;pauseOnHover&quot;:false,&quot;centerMode&quot;:false,&quot;arrows&quot;:false,&quot;dots&quot;:true,&quot;slidesDesk&quot;:1,&quot;slidesTab&quot;:1,&quot;slidesMob&quot;:1,&quot;animation&quot;:&quot;null&quot;,&quot;tabletBreak&quot;:1025,&quot;mobileBreak&quot;:768,&quot;navigation&quot;:[&quot;&quot;,&quot;&quot;,&quot;&quot;,&quot;&quot;]}\">\r\n\t\t\t\t\t\t\t<div class=\"premium-carousel-nav-dot\">\r\n\t\t\t\t\t\t\t\t\t<i class=\"fas fa-circle\" aria-hidden=\"true\"><\/i>\r\n\t\t\t\t\t\t\t\t\t<\/div>\r\n\t\t\t\t\t\t\t\t\t<div id=\"premium-carousel-b509e16\" class=\"premium-carousel-inner\">\r\n\t\t\t\t\t\t\t\t\t\t<div class=\"premium-carousel-template item-wrapper\">\r\n\t\t\t\t\t\t\t\t\t\t\t\t\t<\/div>\r\n\t\t\t\t\t\t\t\t\t\t\t\t<div class=\"premium-carousel-template item-wrapper\">\r\n\t\t\t\t\t\t\t\t\t\t\t\t\t<\/div>\r\n\t\t\t\t\t\t\t\t\t\t\t\t<div class=\"premium-carousel-template item-wrapper\">\r\n\t\t\t\t\t\t\t\t\t\t\t\t\t<\/div>\r\n\t\t\t\t\t\t\t\t\t\t\t\t<div class=\"premium-carousel-template item-wrapper\">\r\n\t\t\t\t\t\t\t\t\t\t\t\t\t<\/div>\r\n\t\t\t\t\t\t\t\t\t<\/div>\r\n\t\t<\/div>\r\n\t\t\t\t\t\t<\/div>\n\t\t\t\t<\/div>\n\t\t\t\t\t<\/div>\n\t\t<\/div>\n\t\t\t\t\t<\/div>\n\t\t<\/section>\n\t\t\t\t<section class=\"elementor-section elementor-top-section elementor-element elementor-element-ee06a1c elementor-section-boxed elementor-section-height-default elementor-section-height-default\" data-id=\"ee06a1c\" data-element_type=\"section\" data-e-type=\"section\">\n\t\t\t\t\t\t<div class=\"elementor-container elementor-column-gap-default\">\n\t\t\t\t\t<div class=\"elementor-column elementor-col-100 elementor-top-column elementor-element elementor-element-3ac2919\" data-id=\"3ac2919\" data-element_type=\"column\" data-e-type=\"column\">\n\t\t\t<div class=\"elementor-widget-wrap\">\n\t\t\t\t\t\t\t<\/div>\n\t\t<\/div>\n\t\t\t\t\t<\/div>\n\t\t<\/section>\n\t\t\t\t<\/div>","protected":false},"excerpt":{"rendered":"<p>SOMOS DISTRIBUIDORES \u00fanicos MEDELA Con base en investigaci\u00f3n, observando el comportamiento natural de la lactancia y escuchando a sus clientes, Medela nos ofrece CIENCIA del CUIDADO, tecnolog\u00eda e innovaci\u00f3n que acompa\u00f1a y facilita el camino de la lactancia para millones de madres y beb\u00e9s en todo el mundo. \u00a0 Convencidos del valor inigualable de la [&hellip;]<\/p>","protected":false},"author":1,"featured_media":0,"parent":0,"menu_order":0,"comment_status":"closed","ping_status":"closed","template":"","meta":{"_monsterinsights_skip_tracking":false,"_monsterinsights_sitenote_active":false,"_monsterinsights_sitenote_note":"","_monsterinsights_sitenote_category":0,"_uf_show_specific_survey":0,"_uf_disable_surveys":false,"footnotes":""},"class_list":["post-244","page","type-page","status-publish","hentry"],"yoast_head":"<!-- This site is optimized with the Yoast SEO plugin v20.12 - https:\/\/yoast.com\/wordpress\/plugins\/seo\/ -->\n<title>Marcas - SOFMA: Productos de lactancia y salud materna<\/title>\n<meta name=\"description\" content=\"Distribuimos productos para el cuidado materno e higiene del beb\u00e9 de marcas exclusivas como: Medela, FridaBaby, FidraMom y Miamily.\" \/>\n<meta name=\"robots\" content=\"index, follow, max-snippet:-1, max-image-preview:large, max-video-preview:-1\" \/>\n<link rel=\"canonical\" href=\"https:\/\/www.sofma.com.mx\/en\/marcas\/\" \/>\n<meta property=\"og:locale\" content=\"en_US\" \/>\n<meta property=\"og:type\" content=\"article\" \/>\n<meta property=\"og:title\" content=\"Marcas - SOFMA: Productos de lactancia y salud materna\" \/>\n<meta property=\"og:description\" content=\"Distribuimos productos para el cuidado materno e higiene del beb\u00e9 de marcas exclusivas como: Medela, FridaBaby, FidraMom y Miamily.\" \/>\n<meta property=\"og:url\" content=\"https:\/\/www.sofma.com.mx\/en\/marcas\/\" \/>\n<meta property=\"og:site_name\" content=\"SOFMA\" \/>\n<meta property=\"article:modified_time\" content=\"2022-11-24T20:15:57+00:00\" \/>\n<meta property=\"og:image\" content=\"https:\/\/www.sofma.com.mx\/wp-content\/uploads\/2022\/09\/logotipo-redes.jpg\" \/>\n\t<meta property=\"og:image:width\" content=\"200\" \/>\n\t<meta property=\"og:image:height\" content=\"200\" \/>\n\t<meta property=\"og:image:type\" content=\"image\/jpeg\" \/>\n<meta name=\"twitter:card\" content=\"summary_large_image\" \/>\n<meta name=\"twitter:image\" content=\"https:\/\/www.sofma.com.mx\/wp-content\/uploads\/2022\/09\/logotipo-redes.jpg\" \/>\n<meta name=\"twitter:label1\" content=\"Est. reading time\" \/>\n\t<meta name=\"twitter:data1\" content=\"6 minutes\" \/>\n<script type=\"application\/ld+json\" class=\"yoast-schema-graph\">{\"@context\":\"https:\/\/schema.org\",\"@graph\":[{\"@type\":\"WebPage\",\"@id\":\"https:\/\/www.sofma.com.mx\/marcas\/\",\"url\":\"https:\/\/www.sofma.com.mx\/marcas\/\",\"name\":\"Marcas - SOFMA: Productos de lactancia y salud materna\",\"isPartOf\":{\"@id\":\"https:\/\/www.sofma.com.mx\/#website\"},\"datePublished\":\"2022-08-11T01:37:22+00:00\",\"dateModified\":\"2022-11-24T20:15:57+00:00\",\"description\":\"Distribuimos productos para el cuidado materno e higiene del beb\u00e9 de marcas exclusivas como: Medela, FridaBaby, FidraMom y Miamily.\",\"breadcrumb\":{\"@id\":\"https:\/\/www.sofma.com.mx\/marcas\/#breadcrumb\"},\"inLanguage\":\"en-US\",\"potentialAction\":[{\"@type\":\"ReadAction\",\"target\":[\"https:\/\/www.sofma.com.mx\/marcas\/\"]}]},{\"@type\":\"BreadcrumbList\",\"@id\":\"https:\/\/www.sofma.com.mx\/marcas\/#breadcrumb\",\"itemListElement\":[{\"@type\":\"ListItem\",\"position\":1,\"name\":\"Home\",\"item\":\"https:\/\/www.sofma.com.mx\/\"},{\"@type\":\"ListItem\",\"position\":2,\"name\":\"MARCAS\"}]},{\"@type\":\"WebSite\",\"@id\":\"https:\/\/www.sofma.com.mx\/#website\",\"url\":\"https:\/\/www.sofma.com.mx\/\",\"name\":\"SOFMA\",\"description\":\"Buscamos marcas premium que sean \u00fanicas, a\u00f1adan valor, tengan una cultura basada en la conciencia social y el bienestar de la comunidad, y que se enfoquen en la salud materno-infantil usando tecnolog\u00eda innovadora basada en investigaci\u00f3n.\",\"publisher\":{\"@id\":\"https:\/\/www.sofma.com.mx\/#organization\"},\"potentialAction\":[{\"@type\":\"SearchAction\",\"target\":{\"@type\":\"EntryPoint\",\"urlTemplate\":\"https:\/\/www.sofma.com.mx\/?s={search_term_string}\"},\"query-input\":\"required name=search_term_string\"}],\"inLanguage\":\"en-US\"},{\"@type\":\"Organization\",\"@id\":\"https:\/\/www.sofma.com.mx\/#organization\",\"name\":\"SOFMA\",\"url\":\"https:\/\/www.sofma.com.mx\/\",\"logo\":{\"@type\":\"ImageObject\",\"inLanguage\":\"en-US\",\"@id\":\"https:\/\/www.sofma.com.mx\/#\/schema\/logo\/image\/\",\"url\":\"https:\/\/www.sofma.com.mx\/wp-content\/uploads\/2022\/07\/Logo-Sofma-Institucional-1-min.png\",\"contentUrl\":\"https:\/\/www.sofma.com.mx\/wp-content\/uploads\/2022\/07\/Logo-Sofma-Institucional-1-min.png\",\"width\":1990,\"height\":453,\"caption\":\"SOFMA\"},\"image\":{\"@id\":\"https:\/\/www.sofma.com.mx\/#\/schema\/logo\/image\/\"}}]}<\/script>\n<!-- \/ Yoast SEO plugin. -->","yoast_head_json":{"title":"Marcas - SOFMA: Productos de lactancia y salud materna","description":"Distribuimos productos para el cuidado materno e higiene del beb\u00e9 de marcas exclusivas como: Medela, FridaBaby, FidraMom y Miamily.","robots":{"index":"index","follow":"follow","max-snippet":"max-snippet:-1","max-image-preview":"max-image-preview:large","max-video-preview":"max-video-preview:-1"},"canonical":"https:\/\/www.sofma.com.mx\/en\/marcas\/","og_locale":"en_US","og_type":"article","og_title":"Marcas - SOFMA: Productos de lactancia y salud materna","og_description":"Distribuimos productos para el cuidado materno e higiene del beb\u00e9 de marcas exclusivas como: Medela, FridaBaby, FidraMom y Miamily.","og_url":"https:\/\/www.sofma.com.mx\/en\/marcas\/","og_site_name":"SOFMA","article_modified_time":"2022-11-24T20:15:57+00:00","og_image":[{"width":200,"height":200,"url":"https:\/\/www.sofma.com.mx\/wp-content\/uploads\/2022\/09\/logotipo-redes.jpg","type":"image\/jpeg"}],"twitter_card":"summary_large_image","twitter_image":"https:\/\/www.sofma.com.mx\/wp-content\/uploads\/2022\/09\/logotipo-redes.jpg","twitter_misc":{"Est. reading time":"6 minutes"},"schema":{"@context":"https:\/\/schema.org","@graph":[{"@type":"WebPage","@id":"https:\/\/www.sofma.com.mx\/marcas\/","url":"https:\/\/www.sofma.com.mx\/marcas\/","name":"Marcas - SOFMA: Productos de lactancia y salud materna","isPartOf":{"@id":"https:\/\/www.sofma.com.mx\/#website"},"datePublished":"2022-08-11T01:37:22+00:00","dateModified":"2022-11-24T20:15:57+00:00","description":"Distribuimos productos para el cuidado materno e higiene del beb\u00e9 de marcas exclusivas como: Medela, FridaBaby, FidraMom y Miamily.","breadcrumb":{"@id":"https:\/\/www.sofma.com.mx\/marcas\/#breadcrumb"},"inLanguage":"en-US","potentialAction":[{"@type":"ReadAction","target":["https:\/\/www.sofma.com.mx\/marcas\/"]}]},{"@type":"BreadcrumbList","@id":"https:\/\/www.sofma.com.mx\/marcas\/#breadcrumb","itemListElement":[{"@type":"ListItem","position":1,"name":"Home","item":"https:\/\/www.sofma.com.mx\/"},{"@type":"ListItem","position":2,"name":"MARCAS"}]},{"@type":"WebSite","@id":"https:\/\/www.sofma.com.mx\/#website","url":"https:\/\/www.sofma.com.mx\/","name":"SOFMA","description":"Buscamos marcas premium que sean \u00fanicas, a\u00f1adan valor, tengan una cultura basada en la conciencia social y el bienestar de la comunidad, y que se enfoquen en la salud materno-infantil usando tecnolog\u00eda innovadora basada en investigaci\u00f3n.","publisher":{"@id":"https:\/\/www.sofma.com.mx\/#organization"},"potentialAction":[{"@type":"SearchAction","target":{"@type":"EntryPoint","urlTemplate":"https:\/\/www.sofma.com.mx\/?s={search_term_string}"},"query-input":"required name=search_term_string"}],"inLanguage":"en-US"},{"@type":"Organization","@id":"https:\/\/www.sofma.com.mx\/#organization","name":"SOFMA","url":"https:\/\/www.sofma.com.mx\/","logo":{"@type":"ImageObject","inLanguage":"en-US","@id":"https:\/\/www.sofma.com.mx\/#\/schema\/logo\/image\/","url":"https:\/\/www.sofma.com.mx\/wp-content\/uploads\/2022\/07\/Logo-Sofma-Institucional-1-min.png","contentUrl":"https:\/\/www.sofma.com.mx\/wp-content\/uploads\/2022\/07\/Logo-Sofma-Institucional-1-min.png","width":1990,"height":453,"caption":"SOFMA"},"image":{"@id":"https:\/\/www.sofma.com.mx\/#\/schema\/logo\/image\/"}}]}},"_links":{"self":[{"href":"https:\/\/www.sofma.com.mx\/en\/wp-json\/wp\/v2\/pages\/244","targetHints":{"allow":["GET"]}}],"collection":[{"href":"https:\/\/www.sofma.com.mx\/en\/wp-json\/wp\/v2\/pages"}],"about":[{"href":"https:\/\/www.sofma.com.mx\/en\/wp-json\/wp\/v2\/types\/page"}],"author":[{"embeddable":true,"href":"https:\/\/www.sofma.com.mx\/en\/wp-json\/wp\/v2\/users\/1"}],"replies":[{"embeddable":true,"href":"https:\/\/www.sofma.com.mx\/en\/wp-json\/wp\/v2\/comments?post=244"}],"version-history":[{"count":57,"href":"https:\/\/www.sofma.com.mx\/en\/wp-json\/wp\/v2\/pages\/244\/revisions"}],"predecessor-version":[{"id":761,"href":"https:\/\/www.sofma.com.mx\/en\/wp-json\/wp\/v2\/pages\/244\/revisions\/761"}],"wp:attachment":[{"href":"https:\/\/www.sofma.com.mx\/en\/wp-json\/wp\/v2\/media?parent=244"}],"curies":[{"name":"wp","href":"https:\/\/api.w.org\/{rel}","templated":true}]}}